{"id":2697,"date":"2022-04-27T15:58:21","date_gmt":"2022-04-27T15:58:21","guid":{"rendered":"https:\/\/mecachrome.varjak.fr\/certifications\/"},"modified":"2022-10-24T13:55:23","modified_gmt":"2022-10-24T13:55:23","slug":"certifications","status":"publish","type":"page","link":"https:\/\/mecachrome.varjak.fr\/en\/certifications\/","title":{"rendered":"Certifications"},"content":{"rendered":"\n<p><strong>The certifications held by MECACHROME can be downloaded here:<\/strong><\/p>\n\n<div style=\"height:45px\" aria-hidden=\"true\" class=\"wp-block-spacer\"><\/div>\n\n<div class=\"wp-block-file\"><a id=\"wp-block-file--media-f5487604-f213-4832-b7e1-fef165a7ef9b\" href=\"https:\/\/mecachrome.varjak.fr\/wp-content\/uploads\/2022\/05\/2018-certificat-en-9100-v-2016-mk-automotive-1124.pdf\" target=\"_blank\" rel=\"noreferrer noopener\">2018-certificat-en-9100-v-2016-mk-automotive-1124<\/a><a href=\"https:\/\/mecachrome.varjak.fr\/wp-content\/uploads\/2022\/05\/2018-certificat-en-9100-v-2016-mk-automotive-1124.pdf\" class=\"wp-block-file__button\" download=\"\" aria-describedby=\"wp-block-file--media-f5487604-f213-4832-b7e1-fef165a7ef9b\">Donwload<\/a><\/div>\n\n<div class=\"wp-block-file\"><a id=\"wp-block-file--media-04044a66-c28d-4be6-9de4-e960bc941876\" href=\"https:\/\/mecachrome.varjak.fr\/wp-content\/uploads\/2022\/05\/2018-certificat-iatf-16949-v-2016-mk-automotive-1.pdf\" target=\"_blank\" rel=\"noreferrer noopener\">2018-certificat-iatf-16949-v-2016-mk-automotive-1<\/a><a href=\"https:\/\/mecachrome.varjak.fr\/wp-content\/uploads\/2022\/05\/2018-certificat-iatf-16949-v-2016-mk-automotive-1.pdf\" class=\"wp-block-file__button\" download=\"\" aria-describedby=\"wp-block-file--media-04044a66-c28d-4be6-9de4-e960bc941876\">Donwload<\/a><\/div>\n\n<div class=\"wp-block-file\"><a id=\"wp-block-file--media-ac30937b-de1d-4116-92d8-4802f2f26429\" href=\"https:\/\/mecachrome.varjak.fr\/wp-content\/uploads\/2022\/05\/2018-certificat-iso-9001-v-2015-mk-automotive-112.pdf\" target=\"_blank\" rel=\"noreferrer noopener\">2018-certificat-iso-9001-v-2015-mk-automotive-112<\/a><a href=\"https:\/\/mecachrome.varjak.fr\/wp-content\/uploads\/2022\/05\/2018-certificat-iso-9001-v-2015-mk-automotive-112.pdf\" class=\"wp-block-file__button\" download=\"\" aria-describedby=\"wp-block-file--media-ac30937b-de1d-4116-92d8-4802f2f26429\">Donwload<\/a><\/div>\n\n<div class=\"wp-block-file\"><a id=\"wp-block-file--media-e4d3c672-ea92-460f-a7e1-02e7cb733949\" href=\"https:\/\/mecachrome.varjak.fr\/wp-content\/uploads\/2022\/05\/2021-04-02-Nadcap-CND-Sorome-201493.pdf\" target=\"_blank\" rel=\"noreferrer noopener\">2021-04-02-Nadcap-CND-Sorome-201493<\/a><a href=\"https:\/\/mecachrome.varjak.fr\/wp-content\/uploads\/2022\/05\/2021-04-02-Nadcap-CND-Sorome-201493.pdf\" class=\"wp-block-file__button\" download=\"\" aria-describedby=\"wp-block-file--media-e4d3c672-ea92-460f-a7e1-02e7cb733949\">Donwload<\/a><\/div>\n\n<div class=\"wp-block-file\"><a id=\"wp-block-file--media-bd199138-e1f5-4384-a6f4-1e0cb2b064f1\" href=\"https:\/\/mecachrome.varjak.fr\/wp-content\/uploads\/2022\/05\/2021-06-16-Nadcap-CND-Gemma-197960-.pdf\" target=\"_blank\" rel=\"noreferrer noopener\">2021-06-16-Nadcap-CND-Gemma-197960-<\/a><a href=\"https:\/\/mecachrome.varjak.fr\/wp-content\/uploads\/2022\/05\/2021-06-16-Nadcap-CND-Gemma-197960-.pdf\" class=\"wp-block-file__button\" download=\"\" aria-describedby=\"wp-block-file--media-bd199138-e1f5-4384-a6f4-1e0cb2b064f1\">Donwload<\/a><\/div>\n\n<div class=\"wp-block-file\"><a id=\"wp-block-file--media-0c383fe5-84be-4857-ae5b-07a4a5fcea4d\" href=\"https:\/\/mecachrome.varjak.fr\/wp-content\/uploads\/2022\/05\/2021-certificat-en-9100-v-2016-mk-automotive.pdf\" target=\"_blank\" rel=\"noreferrer noopener\">2021-certificat-en-9100-v-2016-mk-automotive<\/a><a href=\"https:\/\/mecachrome.varjak.fr\/wp-content\/uploads\/2022\/05\/2021-certificat-en-9100-v-2016-mk-automotive.pdf\" class=\"wp-block-file__button\" download=\"\" aria-describedby=\"wp-block-file--media-0c383fe5-84be-4857-ae5b-07a4a5fcea4d\">Donwload<\/a><\/div>\n\n<div class=\"wp-block-file\"><a id=\"wp-block-file--media-2018e024-073e-4aa7-a726-9365f86274c2\" href=\"https:\/\/mecachrome.varjak.fr\/wp-content\/uploads\/2022\/05\/2021-certificat-iso-14001-v-2015-mk-automotive.pdf\" target=\"_blank\" rel=\"noreferrer noopener\">2021-certificat-iso-14001-v-2015-mk-automotive<\/a><a href=\"https:\/\/mecachrome.varjak.fr\/wp-content\/uploads\/2022\/05\/2021-certificat-iso-14001-v-2015-mk-automotive.pdf\" class=\"wp-block-file__button\" download=\"\" aria-describedby=\"wp-block-file--media-2018e024-073e-4aa7-a726-9365f86274c2\">Donwload<\/a><\/div>\n\n<div class=\"wp-block-file\"><a id=\"wp-block-file--media-c93ccfe6-c2a4-4de0-b03c-d3c78acd372e\" href=\"https:\/\/mecachrome.varjak.fr\/wp-content\/uploads\/2022\/05\/2163-Certificat-EN-9100v2018-MECACHROME-TOULOUSE-2020.pdf\" target=\"_blank\" rel=\"noreferrer noopener\">2163-Certificat-EN-9100v2018-MECACHROME-TOULOUSE-2020<\/a><a href=\"https:\/\/mecachrome.varjak.fr\/wp-content\/uploads\/2022\/05\/2163-Certificat-EN-9100v2018-MECACHROME-TOULOUSE-2020.pdf\" class=\"wp-block-file__button\" download=\"\" aria-describedby=\"wp-block-file--media-c93ccfe6-c2a4-4de0-b03c-d3c78acd372e\">Donwload<\/a><\/div>\n\n<div class=\"wp-block-file\"><a id=\"wp-block-file--media-6aef32f6-5b91-4ca5-a484-290bab3f363e\" href=\"https:\/\/mecachrome.varjak.fr\/wp-content\/uploads\/2022\/05\/10339-Certificat-MECACHROME-EN-9100v2018-2021_1.pdf\" target=\"_blank\" rel=\"noreferrer noopener\">10339-Certificat-MECACHROME-EN-9100v2018-2021_1<\/a><a href=\"https:\/\/mecachrome.varjak.fr\/wp-content\/uploads\/2022\/05\/10339-Certificat-MECACHROME-EN-9100v2018-2021_1.pdf\" class=\"wp-block-file__button\" download=\"\" aria-describedby=\"wp-block-file--media-6aef32f6-5b91-4ca5-a484-290bab3f363e\">Donwload<\/a><\/div>\n\n<div class=\"wp-block-file\"><a id=\"wp-block-file--media-b136c1c3-c0b2-4c50-aa81-fe464d4ae5dc\" href=\"https:\/\/mecachrome.varjak.fr\/wp-content\/uploads\/2022\/05\/10339-Certificat-MECACHROME-EN-9100v2018-2021.pdf\" target=\"_blank\" rel=\"noreferrer noopener\">10339-Certificat-MECACHROME-EN-9100v2018-2021<\/a><a href=\"https:\/\/mecachrome.varjak.fr\/wp-content\/uploads\/2022\/05\/10339-Certificat-MECACHROME-EN-9100v2018-2021.pdf\" class=\"wp-block-file__button\" download=\"\" aria-describedby=\"wp-block-file--media-b136c1c3-c0b2-4c50-aa81-fe464d4ae5dc\">Donwload<\/a><\/div>\n\n<div class=\"wp-block-file\"><a id=\"wp-block-file--media-16653a60-22b9-47e0-b3f8-aff91cb68e61\" href=\"https:\/\/mecachrome.varjak.fr\/wp-content\/uploads\/2022\/05\/10339-Certificat-MECACHROME-ISO-9001v2015-2021.pdf\" target=\"_blank\" rel=\"noreferrer noopener\">10339-Certificat-MECACHROME-ISO-9001v2015-2021<\/a><a href=\"https:\/\/mecachrome.varjak.fr\/wp-content\/uploads\/2022\/05\/10339-Certificat-MECACHROME-ISO-9001v2015-2021.pdf\" class=\"wp-block-file__button\" download=\"\" aria-describedby=\"wp-block-file--media-16653a60-22b9-47e0-b3f8-aff91cb68e61\">Donwload<\/a><\/div>\n\n<div class=\"wp-block-file\"><a id=\"wp-block-file--media-19cd56c0-595e-452b-8bb3-cbccf1933fa1\" href=\"https:\/\/mecachrome.varjak.fr\/wp-content\/uploads\/2022\/05\/153949certificate.pdf\" target=\"_blank\" rel=\"noreferrer noopener\">153949certificate<\/a><a href=\"https:\/\/mecachrome.varjak.fr\/wp-content\/uploads\/2022\/05\/153949certificate.pdf\" class=\"wp-block-file__button\" download=\"\" aria-describedby=\"wp-block-file--media-19cd56c0-595e-452b-8bb3-cbccf1933fa1\">Donwload<\/a><\/div>\n\n<div class=\"wp-block-file\"><a id=\"wp-block-file--media-045f994d-4bf6-45ab-8bac-22a7d77cf7d5\" href=\"https:\/\/mecachrome.varjak.fr\/wp-content\/uploads\/2022\/05\/7217753-HITIM-EN9100.pdf\" target=\"_blank\" rel=\"noreferrer noopener\">7217753-HITIM-EN9100<\/a><a href=\"https:\/\/mecachrome.varjak.fr\/wp-content\/uploads\/2022\/05\/7217753-HITIM-EN9100.pdf\" class=\"wp-block-file__button\" download=\"\" aria-describedby=\"wp-block-file--media-045f994d-4bf6-45ab-8bac-22a7d77cf7d5\">Donwload<\/a><\/div>\n\n<div class=\"wp-block-file\"><a id=\"wp-block-file--media-31053eb8-0b40-428f-ae3e-c55847641e68\" href=\"https:\/\/mecachrome.varjak.fr\/wp-content\/uploads\/2022\/05\/7217753-HITIM-ISO9001.pdf\" target=\"_blank\" rel=\"noreferrer noopener\">7217753-HITIM-ISO9001<\/a><a href=\"https:\/\/mecachrome.varjak.fr\/wp-content\/uploads\/2022\/05\/7217753-HITIM-ISO9001.pdf\" class=\"wp-block-file__button\" download=\"\" aria-describedby=\"wp-block-file--media-31053eb8-0b40-428f-ae3e-c55847641e68\">Donwload<\/a><\/div>\n\n<div class=\"wp-block-file\"><a id=\"wp-block-file--media-6097e984-186a-407f-a733-453e322566c6\" href=\"https:\/\/mecachrome.varjak.fr\/wp-content\/uploads\/2022\/05\/Certificat-AS9100-2018-2021-Site-Mirabel.pdf\" target=\"_blank\" rel=\"noreferrer noopener\">Certificat-AS9100-2018-2021-Site-Mirabel<\/a><a href=\"https:\/\/mecachrome.varjak.fr\/wp-content\/uploads\/2022\/05\/Certificat-AS9100-2018-2021-Site-Mirabel.pdf\" class=\"wp-block-file__button\" download=\"\" aria-describedby=\"wp-block-file--media-6097e984-186a-407f-a733-453e322566c6\">Donwload<\/a><\/div>\n\n<div class=\"wp-block-file\"><a id=\"wp-block-file--media-658aa7fe-d9f4-40e5-8c75-95fef50d1336\" href=\"https:\/\/mecachrome.varjak.fr\/wp-content\/uploads\/2022\/05\/Certificate-Nadcap-Aerospace-NonDestructive-Testing-audit-200145.pdf\" target=\"_blank\" rel=\"noreferrer noopener\">Certificate-Nadcap-Aerospace-NonDestructive-Testing-audit-200145<\/a><a href=\"https:\/\/mecachrome.varjak.fr\/wp-content\/uploads\/2022\/05\/Certificate-Nadcap-Aerospace-NonDestructive-Testing-audit-200145.pdf\" class=\"wp-block-file__button\" download=\"\" aria-describedby=\"wp-block-file--media-658aa7fe-d9f4-40e5-8c75-95fef50d1336\">Donwload<\/a><\/div>\n\n<div class=\"wp-block-file\"><a id=\"wp-block-file--media-616afa5e-69f2-4cfa-853f-c4ccab9c90fc\" href=\"https:\/\/mecachrome.varjak.fr\/wp-content\/uploads\/2022\/05\/Nadcap-Chemical-Processing.pdf\" target=\"_blank\" rel=\"noreferrer noopener\">Nadcap-Chemical-Processing<\/a><a href=\"https:\/\/mecachrome.varjak.fr\/wp-content\/uploads\/2022\/05\/Nadcap-Chemical-Processing.pdf\" class=\"wp-block-file__button\" download=\"\" aria-describedby=\"wp-block-file--media-616afa5e-69f2-4cfa-853f-c4ccab9c90fc\">Donwload<\/a><\/div>\n\n<div class=\"wp-block-file\"><a id=\"wp-block-file--media-876c8280-b417-47d2-b7f4-b02ccca00843\" href=\"https:\/\/mecachrome.varjak.fr\/wp-content\/uploads\/2022\/05\/Nadcap-NDT.pdf\" target=\"_blank\" rel=\"noreferrer noopener\">Nadcap-NDT<\/a><a href=\"https:\/\/mecachrome.varjak.fr\/wp-content\/uploads\/2022\/05\/Nadcap-NDT.pdf\" class=\"wp-block-file__button\" download=\"\" aria-describedby=\"wp-block-file--media-876c8280-b417-47d2-b7f4-b02ccca00843\">Donwload<\/a><\/div>\n\n<div class=\"wp-block-file\"><a id=\"wp-block-file--media-1e3234f9-8a78-4372-8c59-7f5c9187f314\" href=\"https:\/\/mecachrome.varjak.fr\/wp-content\/uploads\/2022\/05\/Nadcap-Nonconventional-Machining.pdf\" target=\"_blank\" rel=\"noreferrer noopener\">Nadcap-Nonconventional-Machining<\/a><a href=\"https:\/\/mecachrome.varjak.fr\/wp-content\/uploads\/2022\/05\/Nadcap-Nonconventional-Machining.pdf\" class=\"wp-block-file__button\" download=\"\" aria-describedby=\"wp-block-file--media-1e3234f9-8a78-4372-8c59-7f5c9187f314\">Donwload<\/a><\/div>\n\n<div class=\"wp-block-file\"><a id=\"wp-block-file--media-b72c7f3a-7902-460d-aeb7-b61311e986cc\" href=\"https:\/\/mecachrome.varjak.fr\/wp-content\/uploads\/2022\/05\/Nadcap-Welding.pdf\" target=\"_blank\" rel=\"noreferrer noopener\">Nadcap-Welding<\/a><a href=\"https:\/\/mecachrome.varjak.fr\/wp-content\/uploads\/2022\/05\/Nadcap-Welding.pdf\" class=\"wp-block-file__button\" download=\"\" aria-describedby=\"wp-block-file--media-b72c7f3a-7902-460d-aeb7-b61311e986cc\">Donwload<\/a><\/div>\n\n<div class=\"wp-block-file\"><a id=\"wp-block-file--media-ad009546-308c-40af-9dbe-1e47415cc523\" href=\"https:\/\/mecachrome.varjak.fr\/wp-content\/uploads\/2022\/05\/Scope-Of-Accreditation-Nadcap-Aerospace-NonDestructive-Testing-audit-200145.pdf\" target=\"_blank\" rel=\"noreferrer noopener\">Scope-Of-Accreditation-Nadcap-Aerospace-NonDestructive-Testing-audit-200145<\/a><a href=\"https:\/\/mecachrome.varjak.fr\/wp-content\/uploads\/2022\/05\/Scope-Of-Accreditation-Nadcap-Aerospace-NonDestructive-Testing-audit-200145.pdf\" class=\"wp-block-file__button\" download=\"\" aria-describedby=\"wp-block-file--media-ad009546-308c-40af-9dbe-1e47415cc523\">Donwload<\/a><\/div>\n\n<div class=\"wp-block-file\"><a id=\"wp-block-file--media-dbb4aa98-93fb-43d6-9fd4-172e743bb51d\" href=\"https:\/\/mecachrome.varjak.fr\/wp-content\/uploads\/2022\/09\/Ficha-Tecnica-EVORA-1.pdf\" target=\"_blank\" rel=\"noreferrer noopener\">Ficha-Tecnica-EVORA-1<\/a><a href=\"https:\/\/mecachrome.varjak.fr\/wp-content\/uploads\/2022\/09\/Ficha-Tecnica-EVORA-1.pdf\" class=\"wp-block-file__button\" download=\"\" aria-describedby=\"wp-block-file--media-dbb4aa98-93fb-43d6-9fd4-172e743bb51d\">Donwload<\/a><\/div>\n","protected":false},"excerpt":{"rendered":"<p>The certifications held by MECACHROME can be downloaded here:<\/p>\n","protected":false},"author":2,"featured_media":0,"parent":0,"menu_order":0,"comment_status":"closed","ping_status":"closed","template":"","meta":{"_acf_changed":false,"footnotes":""},"class_list":["post-2697","page","type-page","status-publish","hentry"],"acf":[],"yoast_head":"<!-- This site is optimized with the Yoast SEO plugin v27.4 - https:\/\/yoast.com\/product\/yoast-seo-wordpress\/ -->\n<title>Certifications - Mecachrome<\/title>\n<meta name=\"description\" content=\"Certifications - Retrouvez toutes les certifications que d\u00e9tient le groupe Mecachrome en les t\u00e9l\u00e9chargeant.\" \/>\n<meta name=\"robots\" content=\"noindex, follow, max-snippet:-1, max-image-preview:large, max-video-preview:-1\" \/>\n<meta property=\"og:locale\" content=\"en_US\" \/>\n<meta property=\"og:type\" content=\"article\" \/>\n<meta property=\"og:title\" content=\"Certifications - Mecachrome\" \/>\n<meta property=\"og:description\" content=\"Certifications - Retrouvez toutes les certifications que d\u00e9tient le groupe Mecachrome en les t\u00e9l\u00e9chargeant.\" \/>\n<meta property=\"og:url\" content=\"https:\/\/mecachrome.varjak.fr\/en\/certifications\/\" \/>\n<meta property=\"og:site_name\" content=\"Mecachrome\" \/>\n<meta property=\"article:modified_time\" content=\"2022-10-24T13:55:23+00:00\" \/>\n<meta name=\"twitter:card\" content=\"summary_large_image\" \/>\n<meta name=\"twitter:site\" content=\"@GroupMecachrome\" \/>\n<meta name=\"twitter:label1\" content=\"Est. reading time\" \/>\n\t<meta name=\"twitter:data1\" content=\"1 minute\" \/>\n<script type=\"application\/ld+json\" class=\"yoast-schema-graph\">{\"@context\":\"https:\\\/\\\/schema.org\",\"@graph\":[{\"@type\":\"WebPage\",\"@id\":\"https:\\\/\\\/mecachrome.varjak.fr\\\/en\\\/certifications\\\/\",\"url\":\"https:\\\/\\\/mecachrome.varjak.fr\\\/en\\\/certifications\\\/\",\"name\":\"Certifications - Mecachrome\",\"isPartOf\":{\"@id\":\"https:\\\/\\\/mecachrome.varjak.fr\\\/en\\\/#website\"},\"datePublished\":\"2022-04-27T15:58:21+00:00\",\"dateModified\":\"2022-10-24T13:55:23+00:00\",\"description\":\"Certifications - Retrouvez toutes les certifications que d\u00e9tient le groupe Mecachrome en les t\u00e9l\u00e9chargeant.\",\"breadcrumb\":{\"@id\":\"https:\\\/\\\/mecachrome.varjak.fr\\\/en\\\/certifications\\\/#breadcrumb\"},\"inLanguage\":\"en-US\",\"potentialAction\":[{\"@type\":\"ReadAction\",\"target\":[\"https:\\\/\\\/mecachrome.varjak.fr\\\/en\\\/certifications\\\/\"]}]},{\"@type\":\"BreadcrumbList\",\"@id\":\"https:\\\/\\\/mecachrome.varjak.fr\\\/en\\\/certifications\\\/#breadcrumb\",\"itemListElement\":[{\"@type\":\"ListItem\",\"position\":1,\"name\":\"Home\",\"item\":\"https:\\\/\\\/mecachrome.varjak.fr\\\/en\\\/\"},{\"@type\":\"ListItem\",\"position\":2,\"name\":\"Certifications\"}]},{\"@type\":\"WebSite\",\"@id\":\"https:\\\/\\\/mecachrome.varjak.fr\\\/en\\\/#website\",\"url\":\"https:\\\/\\\/mecachrome.varjak.fr\\\/en\\\/\",\"name\":\"Mecachrome\",\"description\":\"Mecachrome est pr\u00e9sent dans les domaines de l&#039;a\u00e9ronautique (a\u00e9rostructure, a\u00e9romoteur), de l&#039;automobile premium &amp; Motorsport, de la DNES.\",\"publisher\":{\"@id\":\"https:\\\/\\\/mecachrome.varjak.fr\\\/en\\\/#organization\"},\"potentialAction\":[{\"@type\":\"SearchAction\",\"target\":{\"@type\":\"EntryPoint\",\"urlTemplate\":\"https:\\\/\\\/mecachrome.varjak.fr\\\/en\\\/?s={search_term_string}\"},\"query-input\":{\"@type\":\"PropertyValueSpecification\",\"valueRequired\":true,\"valueName\":\"search_term_string\"}}],\"inLanguage\":\"en-US\"},{\"@type\":\"Organization\",\"@id\":\"https:\\\/\\\/mecachrome.varjak.fr\\\/en\\\/#organization\",\"name\":\"MECACHROME\",\"url\":\"https:\\\/\\\/mecachrome.varjak.fr\\\/en\\\/\",\"logo\":{\"@type\":\"ImageObject\",\"inLanguage\":\"en-US\",\"@id\":\"https:\\\/\\\/mecachrome.varjak.fr\\\/en\\\/#\\\/schema\\\/logo\\\/image\\\/\",\"url\":\"https:\\\/\\\/mecachrome.varjak.fr\\\/wp-content\\\/uploads\\\/2022\\\/05\\\/Logo-Mecachrome-BD.png\",\"contentUrl\":\"https:\\\/\\\/mecachrome.varjak.fr\\\/wp-content\\\/uploads\\\/2022\\\/05\\\/Logo-Mecachrome-BD.png\",\"width\":391,\"height\":135,\"caption\":\"MECACHROME\"},\"image\":{\"@id\":\"https:\\\/\\\/mecachrome.varjak.fr\\\/en\\\/#\\\/schema\\\/logo\\\/image\\\/\"},\"sameAs\":[\"https:\\\/\\\/x.com\\\/GroupMecachrome\",\"https:\\\/\\\/www.linkedin.com\\\/company\\\/mecachrome\\\/\",\"https:\\\/\\\/www.youtube.com\\\/channel\\\/UChvZ3lBIqgM_B0qEkTBYDWQ\"]}]}<\/script>\n<!-- \/ Yoast SEO plugin. -->","yoast_head_json":{"title":"Certifications - Mecachrome","description":"Certifications - Retrouvez toutes les certifications que d\u00e9tient le groupe Mecachrome en les t\u00e9l\u00e9chargeant.","robots":{"index":"noindex","follow":"follow","max-snippet":"max-snippet:-1","max-image-preview":"max-image-preview:large","max-video-preview":"max-video-preview:-1"},"og_locale":"en_US","og_type":"article","og_title":"Certifications - Mecachrome","og_description":"Certifications - Retrouvez toutes les certifications que d\u00e9tient le groupe Mecachrome en les t\u00e9l\u00e9chargeant.","og_url":"https:\/\/mecachrome.varjak.fr\/en\/certifications\/","og_site_name":"Mecachrome","article_modified_time":"2022-10-24T13:55:23+00:00","twitter_card":"summary_large_image","twitter_site":"@GroupMecachrome","twitter_misc":{"Est. reading time":"1 minute"},"schema":{"@context":"https:\/\/schema.org","@graph":[{"@type":"WebPage","@id":"https:\/\/mecachrome.varjak.fr\/en\/certifications\/","url":"https:\/\/mecachrome.varjak.fr\/en\/certifications\/","name":"Certifications - Mecachrome","isPartOf":{"@id":"https:\/\/mecachrome.varjak.fr\/en\/#website"},"datePublished":"2022-04-27T15:58:21+00:00","dateModified":"2022-10-24T13:55:23+00:00","description":"Certifications - Retrouvez toutes les certifications que d\u00e9tient le groupe Mecachrome en les t\u00e9l\u00e9chargeant.","breadcrumb":{"@id":"https:\/\/mecachrome.varjak.fr\/en\/certifications\/#breadcrumb"},"inLanguage":"en-US","potentialAction":[{"@type":"ReadAction","target":["https:\/\/mecachrome.varjak.fr\/en\/certifications\/"]}]},{"@type":"BreadcrumbList","@id":"https:\/\/mecachrome.varjak.fr\/en\/certifications\/#breadcrumb","itemListElement":[{"@type":"ListItem","position":1,"name":"Home","item":"https:\/\/mecachrome.varjak.fr\/en\/"},{"@type":"ListItem","position":2,"name":"Certifications"}]},{"@type":"WebSite","@id":"https:\/\/mecachrome.varjak.fr\/en\/#website","url":"https:\/\/mecachrome.varjak.fr\/en\/","name":"Mecachrome","description":"Mecachrome est pr\u00e9sent dans les domaines de l&#039;a\u00e9ronautique (a\u00e9rostructure, a\u00e9romoteur), de l&#039;automobile premium &amp; Motorsport, de la DNES.","publisher":{"@id":"https:\/\/mecachrome.varjak.fr\/en\/#organization"},"potentialAction":[{"@type":"SearchAction","target":{"@type":"EntryPoint","urlTemplate":"https:\/\/mecachrome.varjak.fr\/en\/?s={search_term_string}"},"query-input":{"@type":"PropertyValueSpecification","valueRequired":true,"valueName":"search_term_string"}}],"inLanguage":"en-US"},{"@type":"Organization","@id":"https:\/\/mecachrome.varjak.fr\/en\/#organization","name":"MECACHROME","url":"https:\/\/mecachrome.varjak.fr\/en\/","logo":{"@type":"ImageObject","inLanguage":"en-US","@id":"https:\/\/mecachrome.varjak.fr\/en\/#\/schema\/logo\/image\/","url":"https:\/\/mecachrome.varjak.fr\/wp-content\/uploads\/2022\/05\/Logo-Mecachrome-BD.png","contentUrl":"https:\/\/mecachrome.varjak.fr\/wp-content\/uploads\/2022\/05\/Logo-Mecachrome-BD.png","width":391,"height":135,"caption":"MECACHROME"},"image":{"@id":"https:\/\/mecachrome.varjak.fr\/en\/#\/schema\/logo\/image\/"},"sameAs":["https:\/\/x.com\/GroupMecachrome","https:\/\/www.linkedin.com\/company\/mecachrome\/","https:\/\/www.youtube.com\/channel\/UChvZ3lBIqgM_B0qEkTBYDWQ"]}]}},"_links":{"self":[{"href":"https:\/\/mecachrome.varjak.fr\/en\/wp-json\/wp\/v2\/pages\/2697","targetHints":{"allow":["GET"]}}],"collection":[{"href":"https:\/\/mecachrome.varjak.fr\/en\/wp-json\/wp\/v2\/pages"}],"about":[{"href":"https:\/\/mecachrome.varjak.fr\/en\/wp-json\/wp\/v2\/types\/page"}],"author":[{"embeddable":true,"href":"https:\/\/mecachrome.varjak.fr\/en\/wp-json\/wp\/v2\/users\/2"}],"replies":[{"embeddable":true,"href":"https:\/\/mecachrome.varjak.fr\/en\/wp-json\/wp\/v2\/comments?post=2697"}],"version-history":[{"count":0,"href":"https:\/\/mecachrome.varjak.fr\/en\/wp-json\/wp\/v2\/pages\/2697\/revisions"}],"wp:attachment":[{"href":"https:\/\/mecachrome.varjak.fr\/en\/wp-json\/wp\/v2\/media?parent=2697"}],"curies":[{"name":"wp","href":"https:\/\/api.w.org\/{rel}","templated":true}]}}