{"id":3189,"date":"2022-04-14T09:10:46","date_gmt":"2022-04-14T09:10:46","guid":{"rendered":"https:\/\/mecachrome.varjak.fr\/aeromoteur\/"},"modified":"2023-01-19T15:04:26","modified_gmt":"2023-01-19T15:04:26","slug":"aeroengine","status":"publish","type":"page","link":"https:\/\/mecachrome.varjak.fr\/en\/aeroengine\/","title":{"rendered":"Aeroengine"},"content":{"rendered":"","protected":false},"excerpt":{"rendered":"","protected":false},"author":2,"featured_media":0,"parent":0,"menu_order":0,"comment_status":"closed","ping_status":"closed","template":"page-templates\/page-aerostructure.php","meta":{"_acf_changed":false,"footnotes":""},"class_list":["post-3189","page","type-page","status-publish","hentry"],"acf":[],"yoast_head":"<!-- This site is optimized with the Yoast SEO plugin v27.4 - https:\/\/yoast.com\/product\/yoast-seo-wordpress\/ -->\n<title>Aeroengine - Mecachrome<\/title>\n<meta name=\"description\" content=\"Aeroengine - Mecachrome - Discover our know how on the production and assembly of complete wind aeroengine sub-assemblies.\" \/>\n<meta name=\"robots\" content=\"noindex, follow, max-snippet:-1, max-image-preview:large, max-video-preview:-1\" \/>\n<meta property=\"og:locale\" content=\"en_US\" \/>\n<meta property=\"og:type\" content=\"article\" \/>\n<meta property=\"og:title\" content=\"Aeroengine - Mecachrome\" \/>\n<meta property=\"og:description\" content=\"Aeroengine - Mecachrome - Discover our know how on the production and assembly of complete wind aeroengine sub-assemblies.\" \/>\n<meta property=\"og:url\" content=\"https:\/\/mecachrome.varjak.fr\/en\/aeroengine\/\" \/>\n<meta property=\"og:site_name\" content=\"Mecachrome\" \/>\n<meta property=\"article:modified_time\" content=\"2023-01-19T15:04:26+00:00\" \/>\n<meta name=\"twitter:card\" content=\"summary_large_image\" \/>\n<meta name=\"twitter:site\" content=\"@GroupMecachrome\" \/>\n<script type=\"application\/ld+json\" class=\"yoast-schema-graph\">{\"@context\":\"https:\\\/\\\/schema.org\",\"@graph\":[{\"@type\":\"WebPage\",\"@id\":\"https:\\\/\\\/mecachrome.varjak.fr\\\/en\\\/aeroengine\\\/\",\"url\":\"https:\\\/\\\/mecachrome.varjak.fr\\\/en\\\/aeroengine\\\/\",\"name\":\"Aeroengine - Mecachrome\",\"isPartOf\":{\"@id\":\"https:\\\/\\\/mecachrome.varjak.fr\\\/en\\\/#website\"},\"datePublished\":\"2022-04-14T09:10:46+00:00\",\"dateModified\":\"2023-01-19T15:04:26+00:00\",\"description\":\"Aeroengine - Mecachrome - Discover our know how on the production and assembly of complete wind aeroengine sub-assemblies.\",\"breadcrumb\":{\"@id\":\"https:\\\/\\\/mecachrome.varjak.fr\\\/en\\\/aeroengine\\\/#breadcrumb\"},\"inLanguage\":\"en-US\",\"potentialAction\":[{\"@type\":\"ReadAction\",\"target\":[\"https:\\\/\\\/mecachrome.varjak.fr\\\/en\\\/aeroengine\\\/\"]}]},{\"@type\":\"BreadcrumbList\",\"@id\":\"https:\\\/\\\/mecachrome.varjak.fr\\\/en\\\/aeroengine\\\/#breadcrumb\",\"itemListElement\":[{\"@type\":\"ListItem\",\"position\":1,\"name\":\"Home\",\"item\":\"https:\\\/\\\/mecachrome.varjak.fr\\\/en\\\/\"},{\"@type\":\"ListItem\",\"position\":2,\"name\":\"Aeroengine\"}]},{\"@type\":\"WebSite\",\"@id\":\"https:\\\/\\\/mecachrome.varjak.fr\\\/en\\\/#website\",\"url\":\"https:\\\/\\\/mecachrome.varjak.fr\\\/en\\\/\",\"name\":\"Mecachrome\",\"description\":\"Mecachrome est pr\u00e9sent dans les domaines de l&#039;a\u00e9ronautique (a\u00e9rostructure, a\u00e9romoteur), de l&#039;automobile premium &amp; Motorsport, de la DNES.\",\"publisher\":{\"@id\":\"https:\\\/\\\/mecachrome.varjak.fr\\\/en\\\/#organization\"},\"potentialAction\":[{\"@type\":\"SearchAction\",\"target\":{\"@type\":\"EntryPoint\",\"urlTemplate\":\"https:\\\/\\\/mecachrome.varjak.fr\\\/en\\\/?s={search_term_string}\"},\"query-input\":{\"@type\":\"PropertyValueSpecification\",\"valueRequired\":true,\"valueName\":\"search_term_string\"}}],\"inLanguage\":\"en-US\"},{\"@type\":\"Organization\",\"@id\":\"https:\\\/\\\/mecachrome.varjak.fr\\\/en\\\/#organization\",\"name\":\"MECACHROME\",\"url\":\"https:\\\/\\\/mecachrome.varjak.fr\\\/en\\\/\",\"logo\":{\"@type\":\"ImageObject\",\"inLanguage\":\"en-US\",\"@id\":\"https:\\\/\\\/mecachrome.varjak.fr\\\/en\\\/#\\\/schema\\\/logo\\\/image\\\/\",\"url\":\"https:\\\/\\\/mecachrome.varjak.fr\\\/wp-content\\\/uploads\\\/2022\\\/05\\\/Logo-Mecachrome-BD.png\",\"contentUrl\":\"https:\\\/\\\/mecachrome.varjak.fr\\\/wp-content\\\/uploads\\\/2022\\\/05\\\/Logo-Mecachrome-BD.png\",\"width\":391,\"height\":135,\"caption\":\"MECACHROME\"},\"image\":{\"@id\":\"https:\\\/\\\/mecachrome.varjak.fr\\\/en\\\/#\\\/schema\\\/logo\\\/image\\\/\"},\"sameAs\":[\"https:\\\/\\\/x.com\\\/GroupMecachrome\",\"https:\\\/\\\/www.linkedin.com\\\/company\\\/mecachrome\\\/\",\"https:\\\/\\\/www.youtube.com\\\/channel\\\/UChvZ3lBIqgM_B0qEkTBYDWQ\"]}]}<\/script>\n<!-- \/ Yoast SEO plugin. -->","yoast_head_json":{"title":"Aeroengine - Mecachrome","description":"Aeroengine - Mecachrome - Discover our know how on the production and assembly of complete wind aeroengine sub-assemblies.","robots":{"index":"noindex","follow":"follow","max-snippet":"max-snippet:-1","max-image-preview":"max-image-preview:large","max-video-preview":"max-video-preview:-1"},"og_locale":"en_US","og_type":"article","og_title":"Aeroengine - Mecachrome","og_description":"Aeroengine - Mecachrome - Discover our know how on the production and assembly of complete wind aeroengine sub-assemblies.","og_url":"https:\/\/mecachrome.varjak.fr\/en\/aeroengine\/","og_site_name":"Mecachrome","article_modified_time":"2023-01-19T15:04:26+00:00","twitter_card":"summary_large_image","twitter_site":"@GroupMecachrome","schema":{"@context":"https:\/\/schema.org","@graph":[{"@type":"WebPage","@id":"https:\/\/mecachrome.varjak.fr\/en\/aeroengine\/","url":"https:\/\/mecachrome.varjak.fr\/en\/aeroengine\/","name":"Aeroengine - Mecachrome","isPartOf":{"@id":"https:\/\/mecachrome.varjak.fr\/en\/#website"},"datePublished":"2022-04-14T09:10:46+00:00","dateModified":"2023-01-19T15:04:26+00:00","description":"Aeroengine - Mecachrome - Discover our know how on the production and assembly of complete wind aeroengine sub-assemblies.","breadcrumb":{"@id":"https:\/\/mecachrome.varjak.fr\/en\/aeroengine\/#breadcrumb"},"inLanguage":"en-US","potentialAction":[{"@type":"ReadAction","target":["https:\/\/mecachrome.varjak.fr\/en\/aeroengine\/"]}]},{"@type":"BreadcrumbList","@id":"https:\/\/mecachrome.varjak.fr\/en\/aeroengine\/#breadcrumb","itemListElement":[{"@type":"ListItem","position":1,"name":"Home","item":"https:\/\/mecachrome.varjak.fr\/en\/"},{"@type":"ListItem","position":2,"name":"Aeroengine"}]},{"@type":"WebSite","@id":"https:\/\/mecachrome.varjak.fr\/en\/#website","url":"https:\/\/mecachrome.varjak.fr\/en\/","name":"Mecachrome","description":"Mecachrome est pr\u00e9sent dans les domaines de l&#039;a\u00e9ronautique (a\u00e9rostructure, a\u00e9romoteur), de l&#039;automobile premium &amp; Motorsport, de la DNES.","publisher":{"@id":"https:\/\/mecachrome.varjak.fr\/en\/#organization"},"potentialAction":[{"@type":"SearchAction","target":{"@type":"EntryPoint","urlTemplate":"https:\/\/mecachrome.varjak.fr\/en\/?s={search_term_string}"},"query-input":{"@type":"PropertyValueSpecification","valueRequired":true,"valueName":"search_term_string"}}],"inLanguage":"en-US"},{"@type":"Organization","@id":"https:\/\/mecachrome.varjak.fr\/en\/#organization","name":"MECACHROME","url":"https:\/\/mecachrome.varjak.fr\/en\/","logo":{"@type":"ImageObject","inLanguage":"en-US","@id":"https:\/\/mecachrome.varjak.fr\/en\/#\/schema\/logo\/image\/","url":"https:\/\/mecachrome.varjak.fr\/wp-content\/uploads\/2022\/05\/Logo-Mecachrome-BD.png","contentUrl":"https:\/\/mecachrome.varjak.fr\/wp-content\/uploads\/2022\/05\/Logo-Mecachrome-BD.png","width":391,"height":135,"caption":"MECACHROME"},"image":{"@id":"https:\/\/mecachrome.varjak.fr\/en\/#\/schema\/logo\/image\/"},"sameAs":["https:\/\/x.com\/GroupMecachrome","https:\/\/www.linkedin.com\/company\/mecachrome\/","https:\/\/www.youtube.com\/channel\/UChvZ3lBIqgM_B0qEkTBYDWQ"]}]}},"_links":{"self":[{"href":"https:\/\/mecachrome.varjak.fr\/en\/wp-json\/wp\/v2\/pages\/3189","targetHints":{"allow":["GET"]}}],"collection":[{"href":"https:\/\/mecachrome.varjak.fr\/en\/wp-json\/wp\/v2\/pages"}],"about":[{"href":"https:\/\/mecachrome.varjak.fr\/en\/wp-json\/wp\/v2\/types\/page"}],"author":[{"embeddable":true,"href":"https:\/\/mecachrome.varjak.fr\/en\/wp-json\/wp\/v2\/users\/2"}],"replies":[{"embeddable":true,"href":"https:\/\/mecachrome.varjak.fr\/en\/wp-json\/wp\/v2\/comments?post=3189"}],"version-history":[{"count":0,"href":"https:\/\/mecachrome.varjak.fr\/en\/wp-json\/wp\/v2\/pages\/3189\/revisions"}],"wp:attachment":[{"href":"https:\/\/mecachrome.varjak.fr\/en\/wp-json\/wp\/v2\/media?parent=3189"}],"curies":[{"name":"wp","href":"https:\/\/api.w.org\/{rel}","templated":true}]}}