{"id":3209,"date":"2022-04-27T16:02:38","date_gmt":"2022-04-27T16:02:38","guid":{"rendered":"https:\/\/mecachrome.varjak.fr\/credits\/"},"modified":"2022-10-26T12:04:35","modified_gmt":"2022-10-26T12:04:35","slug":"acknowledgements","status":"publish","type":"page","link":"https:\/\/mecachrome.varjak.fr\/en\/acknowledgements\/","title":{"rendered":"Acknowledgements"},"content":{"rendered":"\n<h3 class=\"wp-block-heading\" id=\"site-internet\"><strong>WEBSITE<\/strong><\/h3>\n\n\n\n<p>Design, editing, graphic design and development of the website: KARDINAL T \u2013 <a href=\"http:\/\/www.kardinalt.com\">www.kardinalt.com<\/a><\/p>\n\n\n\n<hr class=\"wp-block-separator has-css-opacity\"\/>\n\n\n\n<h3 class=\"wp-block-heading\" id=\"photographies\"><strong>PHOTOGRAPHS<\/strong><\/h3>\n\n\n\n<p><strong>Employees,&nbsp;industrial sites, tools, products,&nbsp;articles:<\/strong> MECACHROME<\/p>\n\n\n\n<p><strong>Portraits:<\/strong> Kardinal T \/ S. Bensizerara<\/p>\n\n\n\n<p><strong>Ballistic missile submarine:<\/strong> Jean-Philippe PONS \/ Marine Nationale (Navy) \/ ECPAD \/ Defense.<\/p>\n\n\n\n<p><strong>4 AIRBUS&nbsp;aircraft:<\/strong> Airbus \/ Antony Pecchi<\/p>\n\n\n\n<p><strong>Photos of sector segments:<\/strong> Pexels, Unsplash<\/p>\n\n\n\n<p>Mervey Sensoy, Fik Ismoedjati, Jakob Rosen, Yiran Ding, Daniel Eledut, Ekky Wicaksono, Gulfstream, Bombardier, Boieng, Airbus, Airbus Helicopters, ATR, Embraer, Dassault Aviation, Emily Rusch, NOAA, Niklas Jonasson, Neil Mark Thomas, (Simon Fitall), Luka Slapnicar, Ge Aviation, Safran, Rolls Royce, MTU, Pratt &amp; Whitney, Alpine, Lefter D, Obi &#8211; @pixel6propix, Martin Katler, Ferrari, BWT, Hanson Lu, Citro\u00ebn, Mercedes, Porsche, Jakub Sisulak, Joel Rivera-Camacho, Pixabay, Nasa, Andy Holmes, CEA, CERN, Iram, MT Aerospace, Trixell, Nexter, Thal\u00e8s, Thal\u00e8s Alenia Space, Air Liquide, Ariane, Sodern Ariane Group.<\/p>\n","protected":false},"excerpt":{"rendered":"<p>WEBSITE Design, editing, graphic design and development of the website: KARDINAL T \u2013 www.kardinalt.com PHOTOGRAPHS Employees,&nbsp;industrial sites, tools, products,&nbsp;articles: MECACHROME Portraits: Kardinal T \/ S. Bensizerara Ballistic missile submarine: Jean-Philippe PONS \/ Marine Nationale (Navy) \/ ECPAD \/ Defense. 4 AIRBUS&nbsp;aircraft: Airbus \/ Antony Pecchi Photos of sector segments: Pexels, Unsplash Mervey Sensoy, Fik Ismoedjati, [&hellip;]<\/p>\n","protected":false},"author":2,"featured_media":0,"parent":0,"menu_order":0,"comment_status":"closed","ping_status":"closed","template":"","meta":{"_acf_changed":false,"footnotes":""},"class_list":["post-3209","page","type-page","status-publish","hentry"],"acf":[],"yoast_head":"<!-- This site is optimized with the Yoast SEO plugin v27.4 - https:\/\/yoast.com\/product\/yoast-seo-wordpress\/ -->\n<title>Acknowledgements - Mecachrome<\/title>\n<meta name=\"description\" content=\"Acknowledgements - Find the acknowledgements that allowed the design of the websiteMecachrome: design, graphic design, photographers...\" \/>\n<meta name=\"robots\" content=\"noindex, follow, max-snippet:-1, max-image-preview:large, max-video-preview:-1\" \/>\n<meta property=\"og:locale\" content=\"en_US\" \/>\n<meta property=\"og:type\" content=\"article\" \/>\n<meta property=\"og:title\" content=\"Acknowledgements - Mecachrome\" \/>\n<meta property=\"og:description\" content=\"Acknowledgements - Find the acknowledgements that allowed the design of the websiteMecachrome: design, graphic design, photographers...\" \/>\n<meta property=\"og:url\" content=\"https:\/\/mecachrome.varjak.fr\/en\/acknowledgements\/\" \/>\n<meta property=\"og:site_name\" content=\"Mecachrome\" \/>\n<meta property=\"article:modified_time\" content=\"2022-10-26T12:04:35+00:00\" \/>\n<meta name=\"twitter:card\" content=\"summary_large_image\" \/>\n<meta name=\"twitter:site\" content=\"@GroupMecachrome\" \/>\n<meta name=\"twitter:label1\" content=\"Est. reading time\" \/>\n\t<meta name=\"twitter:data1\" content=\"1 minute\" \/>\n<script type=\"application\/ld+json\" class=\"yoast-schema-graph\">{\"@context\":\"https:\\\/\\\/schema.org\",\"@graph\":[{\"@type\":\"WebPage\",\"@id\":\"https:\\\/\\\/mecachrome.varjak.fr\\\/en\\\/acknowledgements\\\/\",\"url\":\"https:\\\/\\\/mecachrome.varjak.fr\\\/en\\\/acknowledgements\\\/\",\"name\":\"Acknowledgements - Mecachrome\",\"isPartOf\":{\"@id\":\"https:\\\/\\\/mecachrome.varjak.fr\\\/en\\\/#website\"},\"datePublished\":\"2022-04-27T16:02:38+00:00\",\"dateModified\":\"2022-10-26T12:04:35+00:00\",\"description\":\"Acknowledgements - Find the acknowledgements that allowed the design of the websiteMecachrome: design, graphic design, photographers...\",\"breadcrumb\":{\"@id\":\"https:\\\/\\\/mecachrome.varjak.fr\\\/en\\\/acknowledgements\\\/#breadcrumb\"},\"inLanguage\":\"en-US\",\"potentialAction\":[{\"@type\":\"ReadAction\",\"target\":[\"https:\\\/\\\/mecachrome.varjak.fr\\\/en\\\/acknowledgements\\\/\"]}]},{\"@type\":\"BreadcrumbList\",\"@id\":\"https:\\\/\\\/mecachrome.varjak.fr\\\/en\\\/acknowledgements\\\/#breadcrumb\",\"itemListElement\":[{\"@type\":\"ListItem\",\"position\":1,\"name\":\"Home\",\"item\":\"https:\\\/\\\/mecachrome.varjak.fr\\\/en\\\/\"},{\"@type\":\"ListItem\",\"position\":2,\"name\":\"Acknowledgements\"}]},{\"@type\":\"WebSite\",\"@id\":\"https:\\\/\\\/mecachrome.varjak.fr\\\/en\\\/#website\",\"url\":\"https:\\\/\\\/mecachrome.varjak.fr\\\/en\\\/\",\"name\":\"Mecachrome\",\"description\":\"Mecachrome est pr\u00e9sent dans les domaines de l&#039;a\u00e9ronautique (a\u00e9rostructure, a\u00e9romoteur), de l&#039;automobile premium &amp; Motorsport, de la DNES.\",\"publisher\":{\"@id\":\"https:\\\/\\\/mecachrome.varjak.fr\\\/en\\\/#organization\"},\"potentialAction\":[{\"@type\":\"SearchAction\",\"target\":{\"@type\":\"EntryPoint\",\"urlTemplate\":\"https:\\\/\\\/mecachrome.varjak.fr\\\/en\\\/?s={search_term_string}\"},\"query-input\":{\"@type\":\"PropertyValueSpecification\",\"valueRequired\":true,\"valueName\":\"search_term_string\"}}],\"inLanguage\":\"en-US\"},{\"@type\":\"Organization\",\"@id\":\"https:\\\/\\\/mecachrome.varjak.fr\\\/en\\\/#organization\",\"name\":\"MECACHROME\",\"url\":\"https:\\\/\\\/mecachrome.varjak.fr\\\/en\\\/\",\"logo\":{\"@type\":\"ImageObject\",\"inLanguage\":\"en-US\",\"@id\":\"https:\\\/\\\/mecachrome.varjak.fr\\\/en\\\/#\\\/schema\\\/logo\\\/image\\\/\",\"url\":\"https:\\\/\\\/mecachrome.varjak.fr\\\/wp-content\\\/uploads\\\/2022\\\/05\\\/Logo-Mecachrome-BD.png\",\"contentUrl\":\"https:\\\/\\\/mecachrome.varjak.fr\\\/wp-content\\\/uploads\\\/2022\\\/05\\\/Logo-Mecachrome-BD.png\",\"width\":391,\"height\":135,\"caption\":\"MECACHROME\"},\"image\":{\"@id\":\"https:\\\/\\\/mecachrome.varjak.fr\\\/en\\\/#\\\/schema\\\/logo\\\/image\\\/\"},\"sameAs\":[\"https:\\\/\\\/x.com\\\/GroupMecachrome\",\"https:\\\/\\\/www.linkedin.com\\\/company\\\/mecachrome\\\/\",\"https:\\\/\\\/www.youtube.com\\\/channel\\\/UChvZ3lBIqgM_B0qEkTBYDWQ\"]}]}<\/script>\n<!-- \/ Yoast SEO plugin. -->","yoast_head_json":{"title":"Acknowledgements - Mecachrome","description":"Acknowledgements - Find the acknowledgements that allowed the design of the websiteMecachrome: design, graphic design, photographers...","robots":{"index":"noindex","follow":"follow","max-snippet":"max-snippet:-1","max-image-preview":"max-image-preview:large","max-video-preview":"max-video-preview:-1"},"og_locale":"en_US","og_type":"article","og_title":"Acknowledgements - Mecachrome","og_description":"Acknowledgements - Find the acknowledgements that allowed the design of the websiteMecachrome: design, graphic design, photographers...","og_url":"https:\/\/mecachrome.varjak.fr\/en\/acknowledgements\/","og_site_name":"Mecachrome","article_modified_time":"2022-10-26T12:04:35+00:00","twitter_card":"summary_large_image","twitter_site":"@GroupMecachrome","twitter_misc":{"Est. reading time":"1 minute"},"schema":{"@context":"https:\/\/schema.org","@graph":[{"@type":"WebPage","@id":"https:\/\/mecachrome.varjak.fr\/en\/acknowledgements\/","url":"https:\/\/mecachrome.varjak.fr\/en\/acknowledgements\/","name":"Acknowledgements - Mecachrome","isPartOf":{"@id":"https:\/\/mecachrome.varjak.fr\/en\/#website"},"datePublished":"2022-04-27T16:02:38+00:00","dateModified":"2022-10-26T12:04:35+00:00","description":"Acknowledgements - Find the acknowledgements that allowed the design of the websiteMecachrome: design, graphic design, photographers...","breadcrumb":{"@id":"https:\/\/mecachrome.varjak.fr\/en\/acknowledgements\/#breadcrumb"},"inLanguage":"en-US","potentialAction":[{"@type":"ReadAction","target":["https:\/\/mecachrome.varjak.fr\/en\/acknowledgements\/"]}]},{"@type":"BreadcrumbList","@id":"https:\/\/mecachrome.varjak.fr\/en\/acknowledgements\/#breadcrumb","itemListElement":[{"@type":"ListItem","position":1,"name":"Home","item":"https:\/\/mecachrome.varjak.fr\/en\/"},{"@type":"ListItem","position":2,"name":"Acknowledgements"}]},{"@type":"WebSite","@id":"https:\/\/mecachrome.varjak.fr\/en\/#website","url":"https:\/\/mecachrome.varjak.fr\/en\/","name":"Mecachrome","description":"Mecachrome est pr\u00e9sent dans les domaines de l&#039;a\u00e9ronautique (a\u00e9rostructure, a\u00e9romoteur), de l&#039;automobile premium &amp; Motorsport, de la DNES.","publisher":{"@id":"https:\/\/mecachrome.varjak.fr\/en\/#organization"},"potentialAction":[{"@type":"SearchAction","target":{"@type":"EntryPoint","urlTemplate":"https:\/\/mecachrome.varjak.fr\/en\/?s={search_term_string}"},"query-input":{"@type":"PropertyValueSpecification","valueRequired":true,"valueName":"search_term_string"}}],"inLanguage":"en-US"},{"@type":"Organization","@id":"https:\/\/mecachrome.varjak.fr\/en\/#organization","name":"MECACHROME","url":"https:\/\/mecachrome.varjak.fr\/en\/","logo":{"@type":"ImageObject","inLanguage":"en-US","@id":"https:\/\/mecachrome.varjak.fr\/en\/#\/schema\/logo\/image\/","url":"https:\/\/mecachrome.varjak.fr\/wp-content\/uploads\/2022\/05\/Logo-Mecachrome-BD.png","contentUrl":"https:\/\/mecachrome.varjak.fr\/wp-content\/uploads\/2022\/05\/Logo-Mecachrome-BD.png","width":391,"height":135,"caption":"MECACHROME"},"image":{"@id":"https:\/\/mecachrome.varjak.fr\/en\/#\/schema\/logo\/image\/"},"sameAs":["https:\/\/x.com\/GroupMecachrome","https:\/\/www.linkedin.com\/company\/mecachrome\/","https:\/\/www.youtube.com\/channel\/UChvZ3lBIqgM_B0qEkTBYDWQ"]}]}},"_links":{"self":[{"href":"https:\/\/mecachrome.varjak.fr\/en\/wp-json\/wp\/v2\/pages\/3209","targetHints":{"allow":["GET"]}}],"collection":[{"href":"https:\/\/mecachrome.varjak.fr\/en\/wp-json\/wp\/v2\/pages"}],"about":[{"href":"https:\/\/mecachrome.varjak.fr\/en\/wp-json\/wp\/v2\/types\/page"}],"author":[{"embeddable":true,"href":"https:\/\/mecachrome.varjak.fr\/en\/wp-json\/wp\/v2\/users\/2"}],"replies":[{"embeddable":true,"href":"https:\/\/mecachrome.varjak.fr\/en\/wp-json\/wp\/v2\/comments?post=3209"}],"version-history":[{"count":0,"href":"https:\/\/mecachrome.varjak.fr\/en\/wp-json\/wp\/v2\/pages\/3209\/revisions"}],"wp:attachment":[{"href":"https:\/\/mecachrome.varjak.fr\/en\/wp-json\/wp\/v2\/media?parent=3209"}],"curies":[{"name":"wp","href":"https:\/\/api.w.org\/{rel}","templated":true}]}}