{"id":3216,"date":"2024-07-10T08:47:23","date_gmt":"2024-07-10T08:47:23","guid":{"rendered":"https:\/\/mecachrome.varjak.fr\/espace-presse\/"},"modified":"2022-10-26T12:03:00","modified_gmt":"2022-10-26T12:03:00","slug":"press-area","status":"publish","type":"page","link":"https:\/\/mecachrome.varjak.fr\/en\/press-area\/","title":{"rendered":"Press area"},"content":{"rendered":"\n<p><strong>MECACHROME press releases can be downloaded here:<\/strong><\/p>\n\n\n\n<div style=\"height:44px\" aria-hidden=\"true\" class=\"wp-block-spacer\"><\/div>\n\n\n\n<div class=\"wp-block-file\"><a id=\"wp-block-file--media-722854be-9485-4a24-a5a3-6c0e93e466a0\" href=\"https:\/\/mecachrome.varjak.fr\/wp-content\/uploads\/2022\/09\/Communique-de-presse-nomination-Didier-EVRARD-FR.pdf\">Communique-de-presse-nomination-Didier-EVRARD-FR<\/a><a href=\"https:\/\/mecachrome.varjak.fr\/wp-content\/uploads\/2022\/09\/Communique-de-presse-nomination-Didier-EVRARD-FR.pdf\" class=\"wp-block-file__button\" download aria-describedby=\"wp-block-file--media-722854be-9485-4a24-a5a3-6c0e93e466a0\">Download<\/a><\/div>\n\n\n\n<div class=\"wp-block-file\"><a id=\"wp-block-file--media-b2f56160-a4d7-46dd-b8e9-4af9b5564169\" href=\"https:\/\/mecachrome.varjak.fr\/wp-content\/uploads\/2022\/09\/2022.08.29_Communique-Presse-MK_WeAre-2.pdf\" target=\"_blank\" rel=\"noreferrer noopener\">2022.08.29_Communique-Presse-MK_WeAre-2<\/a><a href=\"https:\/\/mecachrome.varjak.fr\/wp-content\/uploads\/2022\/09\/2022.08.29_Communique-Presse-MK_WeAre-2.pdf\" class=\"wp-block-file__button\" download aria-describedby=\"wp-block-file--media-b2f56160-a4d7-46dd-b8e9-4af9b5564169\">Download<\/a><\/div>\n\n\n\n<div class=\"wp-block-file\"><a id=\"wp-block-file--media-b2f56160-a4d7-46dd-b8e9-4af9b5564169\" href=\"https:\/\/mecachrome.varjak.fr\/wp-content\/uploads\/2022\/05\/CP_MECACHROME_ACQUISITION_HITIM_072021_FR.pdf\" target=\"_blank\" rel=\"noreferrer noopener\">CP_MECACHROME_ACQUISITION_HITIM_072021_FR<\/a><a href=\"https:\/\/mecachrome.varjak.fr\/wp-content\/uploads\/2022\/05\/CP_MECACHROME_ACQUISITION_HITIM_072021_FR.pdf\" class=\"wp-block-file__button\" download aria-describedby=\"wp-block-file--media-b2f56160-a4d7-46dd-b8e9-4af9b5564169\">Download<\/a><\/div>\n\n\n\n<div class=\"wp-block-file\"><a id=\"wp-block-file--media-1a89ddb0-8a58-45fd-ac4a-481e4e71425a\" href=\"https:\/\/mecachrome.varjak.fr\/wp-content\/uploads\/2022\/05\/CP_MECACHROME_CONTRAT_F3_122021_FR.pdf\" target=\"_blank\" rel=\"noreferrer noopener\">CP_MECACHROME_CONTRAT_F3_122021_FR<\/a><a href=\"https:\/\/mecachrome.varjak.fr\/wp-content\/uploads\/2022\/05\/CP_MECACHROME_CONTRAT_F3_122021_FR.pdf\" class=\"wp-block-file__button\" download aria-describedby=\"wp-block-file--media-1a89ddb0-8a58-45fd-ac4a-481e4e71425a\">Download<\/a><\/div>\n\n\n\n<div class=\"wp-block-file\"><a id=\"wp-block-file--media-3887972b-0740-4244-a28c-91e43ed9e2bf\" href=\"https:\/\/mecachrome.varjak.fr\/wp-content\/uploads\/2022\/05\/CP_MECACHROME_NOUVEAUX_MEMBRES_032022_FR.pdf\" target=\"_blank\" rel=\"noreferrer noopener\">CP_MECACHROME_NOUVEAUX_MEMBRES_032022_FR<\/a><a href=\"https:\/\/mecachrome.varjak.fr\/wp-content\/uploads\/2022\/05\/CP_MECACHROME_NOUVEAUX_MEMBRES_032022_FR.pdf\" class=\"wp-block-file__button\" download aria-describedby=\"wp-block-file--media-3887972b-0740-4244-a28c-91e43ed9e2bf\">Download<\/a><\/div>\n\n\n\n<div class=\"wp-block-file\"><a id=\"wp-block-file--media-eaf8c016-2749-4e60-b1d8-b3a848ead914\" href=\"https:\/\/mecachrome.varjak.fr\/wp-content\/uploads\/2022\/05\/CP_MECACHROME_TPM_042022_FR.pdf\" target=\"_blank\" rel=\"noreferrer noopener\">CP_MECACHROME_TPM_042022_FR<\/a><a href=\"https:\/\/mecachrome.varjak.fr\/wp-content\/uploads\/2022\/05\/CP_MECACHROME_TPM_042022_FR.pdf\" class=\"wp-block-file__button\" download aria-describedby=\"wp-block-file--media-eaf8c016-2749-4e60-b1d8-b3a848ead914\">Download<\/a><\/div>\n\n\n\n<div class=\"wp-block-file\"><a id=\"wp-block-file--media-5b335743-82df-433f-bbfc-f397b9e9be28\" href=\"https:\/\/mecachrome.varjak.fr\/wp-content\/uploads\/2022\/05\/CP_MECACHROME_WE_ARE_GROUP_122021_FR-1.pdf\" target=\"_blank\" rel=\"noreferrer noopener\">CP_MECACHROME_WE_ARE_GROUP_122021_FR<\/a><a href=\"https:\/\/mecachrome.varjak.fr\/wp-content\/uploads\/2022\/05\/CP_MECACHROME_WE_ARE_GROUP_122021_FR-1.pdf\" class=\"wp-block-file__button\" download aria-describedby=\"wp-block-file--media-5b335743-82df-433f-bbfc-f397b9e9be28\">Download<\/a><\/div>\n","protected":false},"excerpt":{"rendered":"<p>MECACHROME press releases can be downloaded here:<\/p>\n","protected":false},"author":2,"featured_media":0,"parent":0,"menu_order":0,"comment_status":"closed","ping_status":"closed","template":"","meta":{"_acf_changed":false,"footnotes":""},"class_list":["post-3216","page","type-page","status-publish","hentry"],"acf":[],"yoast_head":"<!-- This site is optimized with the Yoast SEO plugin v27.4 - https:\/\/yoast.com\/product\/yoast-seo-wordpress\/ -->\n<title>Press area - Mecachrome<\/title>\n<meta name=\"description\" content=\"Press area - Find all the press releases about the group Mecachrome by downloading them.\" \/>\n<meta name=\"robots\" content=\"noindex, follow, max-snippet:-1, max-image-preview:large, max-video-preview:-1\" \/>\n<meta property=\"og:locale\" content=\"en_US\" \/>\n<meta property=\"og:type\" content=\"article\" \/>\n<meta property=\"og:title\" content=\"Press area - Mecachrome\" \/>\n<meta property=\"og:description\" content=\"Press area - Find all the press releases about the group Mecachrome by downloading them.\" \/>\n<meta property=\"og:url\" content=\"https:\/\/mecachrome.varjak.fr\/en\/press-area\/\" \/>\n<meta property=\"og:site_name\" content=\"Mecachrome\" \/>\n<meta name=\"twitter:card\" content=\"summary_large_image\" \/>\n<meta name=\"twitter:site\" content=\"@GroupMecachrome\" \/>\n<meta name=\"twitter:label1\" content=\"Est. reading time\" \/>\n\t<meta name=\"twitter:data1\" content=\"1 minute\" \/>\n<script type=\"application\/ld+json\" class=\"yoast-schema-graph\">{\"@context\":\"https:\\\/\\\/schema.org\",\"@graph\":[{\"@type\":\"WebPage\",\"@id\":\"https:\\\/\\\/mecachrome.varjak.fr\\\/en\\\/press-area\\\/\",\"url\":\"https:\\\/\\\/mecachrome.varjak.fr\\\/en\\\/press-area\\\/\",\"name\":\"Press area - Mecachrome\",\"isPartOf\":{\"@id\":\"https:\\\/\\\/mecachrome.varjak.fr\\\/en\\\/#website\"},\"datePublished\":\"2024-07-10T08:47:23+00:00\",\"description\":\"Press area - Find all the press releases about the group Mecachrome by downloading them.\",\"breadcrumb\":{\"@id\":\"https:\\\/\\\/mecachrome.varjak.fr\\\/en\\\/press-area\\\/#breadcrumb\"},\"inLanguage\":\"en-US\",\"potentialAction\":[{\"@type\":\"ReadAction\",\"target\":[\"https:\\\/\\\/mecachrome.varjak.fr\\\/en\\\/press-area\\\/\"]}]},{\"@type\":\"BreadcrumbList\",\"@id\":\"https:\\\/\\\/mecachrome.varjak.fr\\\/en\\\/press-area\\\/#breadcrumb\",\"itemListElement\":[{\"@type\":\"ListItem\",\"position\":1,\"name\":\"Home\",\"item\":\"https:\\\/\\\/mecachrome.varjak.fr\\\/en\\\/\"},{\"@type\":\"ListItem\",\"position\":2,\"name\":\"Press area\"}]},{\"@type\":\"WebSite\",\"@id\":\"https:\\\/\\\/mecachrome.varjak.fr\\\/en\\\/#website\",\"url\":\"https:\\\/\\\/mecachrome.varjak.fr\\\/en\\\/\",\"name\":\"Mecachrome\",\"description\":\"Mecachrome est pr\u00e9sent dans les domaines de l&#039;a\u00e9ronautique (a\u00e9rostructure, a\u00e9romoteur), de l&#039;automobile premium &amp; Motorsport, de la DNES.\",\"publisher\":{\"@id\":\"https:\\\/\\\/mecachrome.varjak.fr\\\/en\\\/#organization\"},\"potentialAction\":[{\"@type\":\"SearchAction\",\"target\":{\"@type\":\"EntryPoint\",\"urlTemplate\":\"https:\\\/\\\/mecachrome.varjak.fr\\\/en\\\/?s={search_term_string}\"},\"query-input\":{\"@type\":\"PropertyValueSpecification\",\"valueRequired\":true,\"valueName\":\"search_term_string\"}}],\"inLanguage\":\"en-US\"},{\"@type\":\"Organization\",\"@id\":\"https:\\\/\\\/mecachrome.varjak.fr\\\/en\\\/#organization\",\"name\":\"MECACHROME\",\"url\":\"https:\\\/\\\/mecachrome.varjak.fr\\\/en\\\/\",\"logo\":{\"@type\":\"ImageObject\",\"inLanguage\":\"en-US\",\"@id\":\"https:\\\/\\\/mecachrome.varjak.fr\\\/en\\\/#\\\/schema\\\/logo\\\/image\\\/\",\"url\":\"https:\\\/\\\/mecachrome.varjak.fr\\\/wp-content\\\/uploads\\\/2022\\\/05\\\/Logo-Mecachrome-BD.png\",\"contentUrl\":\"https:\\\/\\\/mecachrome.varjak.fr\\\/wp-content\\\/uploads\\\/2022\\\/05\\\/Logo-Mecachrome-BD.png\",\"width\":391,\"height\":135,\"caption\":\"MECACHROME\"},\"image\":{\"@id\":\"https:\\\/\\\/mecachrome.varjak.fr\\\/en\\\/#\\\/schema\\\/logo\\\/image\\\/\"},\"sameAs\":[\"https:\\\/\\\/x.com\\\/GroupMecachrome\",\"https:\\\/\\\/www.linkedin.com\\\/company\\\/mecachrome\\\/\",\"https:\\\/\\\/www.youtube.com\\\/channel\\\/UChvZ3lBIqgM_B0qEkTBYDWQ\"]}]}<\/script>\n<!-- \/ Yoast SEO plugin. -->","yoast_head_json":{"title":"Press area - Mecachrome","description":"Press area - Find all the press releases about the group Mecachrome by downloading them.","robots":{"index":"noindex","follow":"follow","max-snippet":"max-snippet:-1","max-image-preview":"max-image-preview:large","max-video-preview":"max-video-preview:-1"},"og_locale":"en_US","og_type":"article","og_title":"Press area - Mecachrome","og_description":"Press area - Find all the press releases about the group Mecachrome by downloading them.","og_url":"https:\/\/mecachrome.varjak.fr\/en\/press-area\/","og_site_name":"Mecachrome","twitter_card":"summary_large_image","twitter_site":"@GroupMecachrome","twitter_misc":{"Est. reading time":"1 minute"},"schema":{"@context":"https:\/\/schema.org","@graph":[{"@type":"WebPage","@id":"https:\/\/mecachrome.varjak.fr\/en\/press-area\/","url":"https:\/\/mecachrome.varjak.fr\/en\/press-area\/","name":"Press area - Mecachrome","isPartOf":{"@id":"https:\/\/mecachrome.varjak.fr\/en\/#website"},"datePublished":"2024-07-10T08:47:23+00:00","description":"Press area - Find all the press releases about the group Mecachrome by downloading them.","breadcrumb":{"@id":"https:\/\/mecachrome.varjak.fr\/en\/press-area\/#breadcrumb"},"inLanguage":"en-US","potentialAction":[{"@type":"ReadAction","target":["https:\/\/mecachrome.varjak.fr\/en\/press-area\/"]}]},{"@type":"BreadcrumbList","@id":"https:\/\/mecachrome.varjak.fr\/en\/press-area\/#breadcrumb","itemListElement":[{"@type":"ListItem","position":1,"name":"Home","item":"https:\/\/mecachrome.varjak.fr\/en\/"},{"@type":"ListItem","position":2,"name":"Press area"}]},{"@type":"WebSite","@id":"https:\/\/mecachrome.varjak.fr\/en\/#website","url":"https:\/\/mecachrome.varjak.fr\/en\/","name":"Mecachrome","description":"Mecachrome est pr\u00e9sent dans les domaines de l&#039;a\u00e9ronautique (a\u00e9rostructure, a\u00e9romoteur), de l&#039;automobile premium &amp; Motorsport, de la DNES.","publisher":{"@id":"https:\/\/mecachrome.varjak.fr\/en\/#organization"},"potentialAction":[{"@type":"SearchAction","target":{"@type":"EntryPoint","urlTemplate":"https:\/\/mecachrome.varjak.fr\/en\/?s={search_term_string}"},"query-input":{"@type":"PropertyValueSpecification","valueRequired":true,"valueName":"search_term_string"}}],"inLanguage":"en-US"},{"@type":"Organization","@id":"https:\/\/mecachrome.varjak.fr\/en\/#organization","name":"MECACHROME","url":"https:\/\/mecachrome.varjak.fr\/en\/","logo":{"@type":"ImageObject","inLanguage":"en-US","@id":"https:\/\/mecachrome.varjak.fr\/en\/#\/schema\/logo\/image\/","url":"https:\/\/mecachrome.varjak.fr\/wp-content\/uploads\/2022\/05\/Logo-Mecachrome-BD.png","contentUrl":"https:\/\/mecachrome.varjak.fr\/wp-content\/uploads\/2022\/05\/Logo-Mecachrome-BD.png","width":391,"height":135,"caption":"MECACHROME"},"image":{"@id":"https:\/\/mecachrome.varjak.fr\/en\/#\/schema\/logo\/image\/"},"sameAs":["https:\/\/x.com\/GroupMecachrome","https:\/\/www.linkedin.com\/company\/mecachrome\/","https:\/\/www.youtube.com\/channel\/UChvZ3lBIqgM_B0qEkTBYDWQ"]}]}},"_links":{"self":[{"href":"https:\/\/mecachrome.varjak.fr\/en\/wp-json\/wp\/v2\/pages\/3216","targetHints":{"allow":["GET"]}}],"collection":[{"href":"https:\/\/mecachrome.varjak.fr\/en\/wp-json\/wp\/v2\/pages"}],"about":[{"href":"https:\/\/mecachrome.varjak.fr\/en\/wp-json\/wp\/v2\/types\/page"}],"author":[{"embeddable":true,"href":"https:\/\/mecachrome.varjak.fr\/en\/wp-json\/wp\/v2\/users\/2"}],"replies":[{"embeddable":true,"href":"https:\/\/mecachrome.varjak.fr\/en\/wp-json\/wp\/v2\/comments?post=3216"}],"version-history":[{"count":0,"href":"https:\/\/mecachrome.varjak.fr\/en\/wp-json\/wp\/v2\/pages\/3216\/revisions"}],"wp:attachment":[{"href":"https:\/\/mecachrome.varjak.fr\/en\/wp-json\/wp\/v2\/media?parent=3216"}],"curies":[{"name":"wp","href":"https:\/\/api.w.org\/{rel}","templated":true}]}}